{"id":45,"date":"2024-10-23T09:19:52","date_gmt":"2024-10-23T09:19:52","guid":{"rendered":"https:\/\/zoander.com\/hu\/?page_id=45"},"modified":"2024-10-23T11:53:21","modified_gmt":"2024-10-23T11:53:21","slug":"blog-cikkek","status":"publish","type":"page","link":"https:\/\/zoander.com\/hu\/blog-cikkek\/","title":{"rendered":"Blog \/ Cikkek"},"content":{"rendered":"<p>[et_pb_section fb_built=&#8221;1&#8243; admin_label=&#8221;FAQ&#8221; _builder_version=&#8221;4.24.0&#8243; background_color=&#8221;#c0c0c0&#8243; use_background_color_gradient=&#8221;on&#8221; background_color_gradient_stops=&#8221;#ffffff 0%|#c0c0c0 100%&#8221; background_enable_image=&#8221;off&#8221; locked=&#8221;off&#8221; global_colors_info=&#8221;{}&#8221;][et_pb_row column_structure=&#8221;1_2,1_2&#8243; _builder_version=&#8221;4.16&#8243; custom_padding=&#8221;||0px|0px||&#8221; global_colors_info=&#8221;{}&#8221;][et_pb_column type=&#8221;1_2&#8243; _builder_version=&#8221;4.16&#8243; custom_padding=&#8221;|||&#8221; global_colors_info=&#8221;{}&#8221; custom_padding__hover=&#8221;|||&#8221;][et_pb_image src=&#8221;https:\/\/zoander.com\/hu\/wp-content\/uploads\/2024\/10\/zoander_cimsor.png&#8221; title_text=&#8221;zoander_cimsor&#8221; _builder_version=&#8221;4.24.2&#8243; max_width=&#8221;16px&#8221; custom_margin=&#8221;||4px|&#8221; animation_style=&#8221;fold&#8221; animation_direction=&#8221;top&#8221; always_center_on_mobile=&#8221;off&#8221; locked=&#8221;off&#8221; global_colors_info=&#8221;{}&#8221;][\/et_pb_image][et_pb_text _builder_version=&#8221;4.27.2&#8243; text_font=&#8221;Libre Franklin|300|||||||&#8221; text_font_size=&#8221;16px&#8221; text_line_height=&#8221;1.8em&#8221; header_font=&#8221;||||||||&#8221; header_2_font=&#8221;Work Sans|300|||||||&#8221; header_2_text_color=&#8221;#191919&#8243; header_2_font_size=&#8221;42px&#8221; header_2_line_height=&#8221;1.3em&#8221; header_3_font=&#8221;&#8211;et_global_heading_font|300|||||||&#8221; header_3_text_color=&#8221;#191919&#8243; header_3_font_size=&#8221;30px&#8221; header_3_line_height=&#8221;1.3em&#8221; background_layout=&#8221;dark&#8221; header_2_font_size_tablet=&#8221;42px&#8221; header_2_font_size_phone=&#8221;32px&#8221; header_2_font_size_last_edited=&#8221;on|phone&#8221; locked=&#8221;off&#8221; global_colors_info=&#8221;{}&#8221;]<\/p>\n<h3><strong>\u00dcdv\u00f6z\u00f6lj\u00fck a Zoander Blog \u00e9s Cikkek oldal\u00e1n:<br \/>\n<\/strong>\u00datmutat\u00e1sok a modern p\u00e9nz\u00fcgyekhez az Egyes\u00fclt Arab Em\u00edrs\u00e9gekben<\/h3>\n<p>[\/et_pb_text][et_pb_text _builder_version=&#8221;4.27.2&#8243; text_font=&#8221;||||||||&#8221; text_font_size=&#8221;16px&#8221; text_line_height=&#8221;1.8em&#8221; header_font=&#8221;Libre Franklin|600|||||||&#8221; header_font_size=&#8221;60px&#8221; header_line_height=&#8221;1.4em&#8221; max_width=&#8221;600px&#8221; custom_margin=&#8221;30px||||false|false&#8221; header_font_size_tablet=&#8221;&#8221; header_font_size_phone=&#8221;32px&#8221; header_font_size_last_edited=&#8221;on|phone&#8221; locked=&#8221;off&#8221; global_colors_info=&#8221;{}&#8221;]<\/p>\n<p class=\"p1\">Induljon el vel\u00fcnk a p\u00e9nz\u00fcgyek folyamatosan v\u00e1ltoz\u00f3 vil\u00e1g\u00e1ban a Zoander bloggal. Itt megosztunk egy gazdag tud\u00e1sanyagot, szak\u00e9rt\u0151i betekint\u00e9seket \u00e9s gyakorlati tippeket az Egyes\u00fclt Arab Em\u00edrs\u00e9gekben m\u0171k\u00f6d\u0151 v\u00e1llalkoz\u00e1sok sz\u00e1m\u00e1ra, hogy elinduljanak a p\u00e9nz\u00fcgyi siker \u00fatj\u00e1n. Legyen \u00d6n tapasztalt v\u00e1llalkoz\u00f3, kis- vagy k\u00f6z\u00e9pv\u00e1llalkoz\u00e1s tulajdonosa, blogunk az \u00d6n megb\u00edzhat\u00f3 forr\u00e1sa az inform\u00e1ci\u00f3k megszerz\u00e9s\u00e9re, a megalapozott d\u00f6nt\u00e9sek meghozatal\u00e1ra, \u00e9s a modern p\u00e9nz\u00fcgyi j\u00f6v\u0151 lehet\u0151s\u00e9geinek kiakn\u00e1z\u00e1s\u00e1ra.<\/p>\n<p>[\/et_pb_text][\/et_pb_column][et_pb_column type=&#8221;1_2&#8243; _builder_version=&#8221;4.16&#8243; custom_padding=&#8221;|||&#8221; global_colors_info=&#8221;{}&#8221; custom_padding__hover=&#8221;|||&#8221;][et_pb_blog_extras posts_number=&#8221;4&#8243; include_categories=&#8221;9&#8243; blog_layout=&#8221;slider&#8221; slider_layout=&#8221;vertical_grid&#8221; read_more_text=&#8221;B\u0151vebben&#8221; show_author=&#8221;off&#8221; category_color=&#8221;#000000&#8243; category_background_color=&#8221;#edcc84&#8243; show_comments=&#8221;off&#8221; content_color=&#8221;#282828&#8243; module_class=&#8221;newseng&#8221; slides_per_view=&#8221;1&#8243; slider_loop=&#8221;on&#8221; show_arrow=&#8221;on&#8221; show_arrow_on_hover=&#8221;on&#8221; show_control_dot=&#8221;on&#8221; arrow_color=&#8221;#ffffff&#8221; arrow_background_color=&#8221;#191919&#8243; control_dot_inactive_color=&#8221;#a5a5a5&#8243; _builder_version=&#8221;4.27.2&#8243; _module_preset=&#8221;default&#8221; filterable_category_font=&#8221;Work Sans|||on|||||&#8221; header_font=&#8221;Work Sans||||||||&#8221; header_font_size=&#8221;21px&#8221; header_line_height=&#8221;1.3em&#8221; body_font=&#8221;Open Sans||||||||&#8221; body_line_height=&#8221;1.6em&#8221; meta_font=&#8221;Work Sans|||on|||||&#8221; background_color=&#8221;#FFFFFF&#8221; custom_ajax_pagination=&#8221;on&#8221; ajax_pagination_text_size=&#8221;13px&#8221; ajax_pagination_text_color=&#8221;#FFFFFF&#8221; ajax_pagination_bg_color=&#8221;#191919&#8243; ajax_pagination_border_width=&#8221;2px&#8221; ajax_pagination_border_color=&#8221;#191919&#8243; ajax_pagination_border_radius=&#8221;0px&#8221; ajax_pagination_letter_spacing=&#8221;3px&#8221; ajax_pagination_font=&#8221;Work Sans|600||on|||||&#8221; ajax_pagination_icon=&#8221;&#x33;||divi||400&#8243; hover_enabled=&#8221;0&#8243; border_radii=&#8221;on|1px|1px|1px|1px&#8221; border_color_all=&#8221;RGBA(255,255,255,0)&#8221; box_shadow_style=&#8221;preset3&#8243; box_shadow_color=&#8221;rgba(0,0,0,0.12)&#8221; locked=&#8221;off&#8221; global_colors_info=&#8221;{}&#8221; sticky_enabled=&#8221;0&#8243;][\/et_pb_blog_extras][\/et_pb_column][\/et_pb_row][\/et_pb_section][et_pb_section fb_built=&#8221;1&#8243; admin_label=&#8221;FAQ&#8221; _builder_version=&#8221;4.24.0&#8243; background_enable_color=&#8221;off&#8221; background_enable_image=&#8221;off&#8221; custom_padding=&#8221;70px||0px|||&#8221; locked=&#8221;off&#8221; global_colors_info=&#8221;{}&#8221;][et_pb_row _builder_version=&#8221;4.24.0&#8243; _module_preset=&#8221;default&#8221; custom_padding=&#8221;0px||0px|||&#8221; global_colors_info=&#8221;{}&#8221;][et_pb_column type=&#8221;4_4&#8243; _builder_version=&#8221;4.24.0&#8243; _module_preset=&#8221;default&#8221; global_colors_info=&#8221;{}&#8221;][et_pb_blog_extras posts_number=&#8221;9&#8243; include_categories=&#8221;9&#8243; blog_layout=&#8221;block_extended&#8221; show_author=&#8221;off&#8221; category_color=&#8221;#000000&#8243; category_background_color=&#8221;#edcc84&#8243; show_comments=&#8221;off&#8221; show_load_more=&#8221;on&#8221; content_color=&#8221;#282828&#8243; module_class=&#8221;newsmoreeng&#8221; _builder_version=&#8221;4.27.2&#8243; _module_preset=&#8221;default&#8221; filterable_category_font=&#8221;Work Sans|||on|||||&#8221; header_font=&#8221;Work Sans||||||||&#8221; header_font_size=&#8221;21px&#8221; header_line_height=&#8221;1.3em&#8221; body_font=&#8221;Open Sans||||||||&#8221; body_line_height=&#8221;1.6em&#8221; meta_font=&#8221;Work Sans|||on|||||&#8221; custom_ajax_pagination=&#8221;on&#8221; ajax_pagination_text_size=&#8221;13px&#8221; ajax_pagination_text_color=&#8221;#FFFFFF&#8221; ajax_pagination_bg_color=&#8221;#191919&#8243; ajax_pagination_border_width=&#8221;2px&#8221; ajax_pagination_border_color=&#8221;#191919&#8243; ajax_pagination_border_radius=&#8221;0px&#8221; ajax_pagination_letter_spacing=&#8221;3px&#8221; ajax_pagination_font=&#8221;Work Sans|600||on|||||&#8221; ajax_pagination_icon=&#8221;&#x33;||divi||400&#8243; hover_enabled=&#8221;0&#8243; border_radii=&#8221;on|1px|1px|1px|1px&#8221; border_color_all=&#8221;RGBA(255,255,255,0)&#8221; box_shadow_style=&#8221;preset3&#8243; box_shadow_color=&#8221;rgba(0,0,0,0.12)&#8221; global_colors_info=&#8221;{}&#8221; read_more_text=&#8221;B\u0151vebben&#8221; load_more_text=&#8221;M\u00e9g t\u00f6bb&#8221; show_less_text=&#8221;Kevesebb&#8221; sticky_enabled=&#8221;0&#8243;][\/et_pb_blog_extras][et_pb_code _builder_version=&#8221;4.24.0&#8243; _module_preset=&#8221;default&#8221; global_colors_info=&#8221;{}&#8221;]<\/p>\n<style><!-- [et_pb_line_break_holder] -->  .et_pb_blog_extras_0 .et_pb_post.et_pb_post_extra .post-categories a, .et_pb_blog_extras_0 .et_pb_post_extra.et_pb_no_thumb .post-categories a {<!-- [et_pb_line_break_holder] -->    color: #191919!important;<!-- [et_pb_line_break_holder] -->    background-color: #edcc84;<!-- [et_pb_line_break_holder] -->    border-color: #edcc84;<!-- [et_pb_line_break_holder] -->    font-family: 'Work Sans';<!-- [et_pb_line_break_holder] -->    text-transform: uppercase;<!-- [et_pb_line_break_holder] -->    font-weight: 700;<!-- [et_pb_line_break_holder] -->    letter-spacing: 1px;<!-- [et_pb_line_break_holder] -->    font-size: 10px;<!-- [et_pb_line_break_holder] -->}<!-- [et_pb_line_break_holder] -->  .et_pb_post_extra.el_dbe_block_extended .el-read-more-btn, .et_pb_post_extra.el_dbe_block_extended a.more-link {<!-- [et_pb_line_break_holder] -->    margin-top: 5px;<!-- [et_pb_line_break_holder] -->    margin-bottom: 10px;<!-- [et_pb_line_break_holder] -->    font-family: 'WORK SANS';<!-- [et_pb_line_break_holder] -->    text-transform: uppercase;<!-- [et_pb_line_break_holder] -->    letter-spacing: 3px;<!-- [et_pb_line_break_holder] -->    font-weight: 600;<!-- [et_pb_line_break_holder] -->    font-size: 13px;<!-- [et_pb_line_break_holder] -->}<!-- [et_pb_line_break_holder] --><\/style>\n<p>[\/et_pb_code][\/et_pb_column][\/et_pb_row][\/et_pb_section]<\/p>\n","protected":false},"excerpt":{"rendered":"<p>\u00dcdv\u00f6z\u00f6lj\u00fck a Zoander Blog \u00e9s Cikkek oldal\u00e1n: \u00datmutat\u00e1sok a modern p\u00e9nz\u00fcgyekhez az Egyes\u00fclt Arab Em\u00edrs\u00e9gekbenInduljon el vel\u00fcnk a p\u00e9nz\u00fcgyek folyamatosan v\u00e1ltoz\u00f3 vil\u00e1g\u00e1ban a Zoander bloggal. Itt megosztunk egy gazdag tud\u00e1sanyagot, szak\u00e9rt\u0151i betekint\u00e9seket \u00e9s gyakorlati tippeket az Egyes\u00fclt Arab Em\u00edrs\u00e9gekben m\u0171k\u00f6d\u0151 v\u00e1llalkoz\u00e1sok sz\u00e1m\u00e1ra, hogy elinduljanak a p\u00e9nz\u00fcgyi siker \u00fatj\u00e1n. Legyen \u00d6n tapasztalt v\u00e1llalkoz\u00f3, kis- vagy k\u00f6z\u00e9pv\u00e1llalkoz\u00e1s [&hellip;]<\/p>\n","protected":false},"author":1,"featured_media":0,"parent":0,"menu_order":0,"comment_status":"closed","ping_status":"closed","template":"","meta":{"nf_dc_page":"","_et_pb_use_builder":"on","_et_pb_old_content":"","_et_gb_content_width":"","footnotes":""},"class_list":["post-45","page","type-page","status-publish","hentry"],"yoast_head":"<!-- This site is optimized with the Yoast SEO plugin v27.3 - https:\/\/yoast.com\/product\/yoast-seo-wordpress\/ -->\n<title>Blog \/ Cikkek - Zoander Services HU<\/title>\n<meta name=\"robots\" content=\"index, follow, max-snippet:-1, max-image-preview:large, max-video-preview:-1\" \/>\n<link rel=\"canonical\" href=\"https:\/\/zoander.com\/hu\/blog-cikkek\/\" \/>\n<meta property=\"og:locale\" content=\"hu_HU\" \/>\n<meta property=\"og:type\" content=\"article\" \/>\n<meta property=\"og:title\" content=\"Blog \/ Cikkek - Zoander Services HU\" \/>\n<meta property=\"og:description\" content=\"\u00dcdv\u00f6z\u00f6lj\u00fck a Zoander Blog \u00e9s Cikkek oldal\u00e1n: \u00datmutat\u00e1sok a modern p\u00e9nz\u00fcgyekhez az Egyes\u00fclt Arab Em\u00edrs\u00e9gekbenInduljon el vel\u00fcnk a p\u00e9nz\u00fcgyek folyamatosan v\u00e1ltoz\u00f3 vil\u00e1g\u00e1ban a Zoander bloggal. Itt megosztunk egy gazdag tud\u00e1sanyagot, szak\u00e9rt\u0151i betekint\u00e9seket \u00e9s gyakorlati tippeket az Egyes\u00fclt Arab Em\u00edrs\u00e9gekben m\u0171k\u00f6d\u0151 v\u00e1llalkoz\u00e1sok sz\u00e1m\u00e1ra, hogy elinduljanak a p\u00e9nz\u00fcgyi siker \u00fatj\u00e1n. Legyen \u00d6n tapasztalt v\u00e1llalkoz\u00f3, kis- vagy k\u00f6z\u00e9pv\u00e1llalkoz\u00e1s [&hellip;]\" \/>\n<meta property=\"og:url\" content=\"https:\/\/zoander.com\/hu\/blog-cikkek\/\" \/>\n<meta property=\"og:site_name\" content=\"Zoander Services HU\" \/>\n<meta property=\"article:modified_time\" content=\"2024-10-23T11:53:21+00:00\" \/>\n<meta name=\"twitter:card\" content=\"summary_large_image\" \/>\n<meta name=\"twitter:label1\" content=\"Becs\u00fclt olvas\u00e1si id\u0151\" \/>\n\t<meta name=\"twitter:data1\" content=\"4 perc\" \/>\n<script type=\"application\/ld+json\" class=\"yoast-schema-graph\">{\"@context\":\"https:\\\/\\\/schema.org\",\"@graph\":[{\"@type\":\"WebPage\",\"@id\":\"https:\\\/\\\/zoander.com\\\/hu\\\/blog-cikkek\\\/\",\"url\":\"https:\\\/\\\/zoander.com\\\/hu\\\/blog-cikkek\\\/\",\"name\":\"Blog \\\/ Cikkek - Zoander Services HU\",\"isPartOf\":{\"@id\":\"https:\\\/\\\/zoander.com\\\/hu\\\/#website\"},\"datePublished\":\"2024-10-23T09:19:52+00:00\",\"dateModified\":\"2024-10-23T11:53:21+00:00\",\"breadcrumb\":{\"@id\":\"https:\\\/\\\/zoander.com\\\/hu\\\/blog-cikkek\\\/#breadcrumb\"},\"inLanguage\":\"hu\",\"potentialAction\":[{\"@type\":\"ReadAction\",\"target\":[\"https:\\\/\\\/zoander.com\\\/hu\\\/blog-cikkek\\\/\"]}]},{\"@type\":\"BreadcrumbList\",\"@id\":\"https:\\\/\\\/zoander.com\\\/hu\\\/blog-cikkek\\\/#breadcrumb\",\"itemListElement\":[{\"@type\":\"ListItem\",\"position\":1,\"name\":\"Home\",\"item\":\"https:\\\/\\\/zoander.com\\\/hu\\\/\"},{\"@type\":\"ListItem\",\"position\":2,\"name\":\"Blog \\\/ Cikkek\"}]},{\"@type\":\"WebSite\",\"@id\":\"https:\\\/\\\/zoander.com\\\/hu\\\/#website\",\"url\":\"https:\\\/\\\/zoander.com\\\/hu\\\/\",\"name\":\"Zoander Services HU\",\"description\":\"az \u00d6n megb\u00edzhat\u00f3 k\u00f6nyvel\u00e9si partnere az Egyes\u00fclt Arab Em\u00edrs\u00e9gekben!\",\"potentialAction\":[{\"@type\":\"SearchAction\",\"target\":{\"@type\":\"EntryPoint\",\"urlTemplate\":\"https:\\\/\\\/zoander.com\\\/hu\\\/?s={search_term_string}\"},\"query-input\":{\"@type\":\"PropertyValueSpecification\",\"valueRequired\":true,\"valueName\":\"search_term_string\"}}],\"inLanguage\":\"hu\"}]}<\/script>\n<!-- \/ Yoast SEO plugin. -->","yoast_head_json":{"title":"Blog \/ Cikkek - Zoander Services HU","robots":{"index":"index","follow":"follow","max-snippet":"max-snippet:-1","max-image-preview":"max-image-preview:large","max-video-preview":"max-video-preview:-1"},"canonical":"https:\/\/zoander.com\/hu\/blog-cikkek\/","og_locale":"hu_HU","og_type":"article","og_title":"Blog \/ Cikkek - Zoander Services HU","og_description":"\u00dcdv\u00f6z\u00f6lj\u00fck a Zoander Blog \u00e9s Cikkek oldal\u00e1n: \u00datmutat\u00e1sok a modern p\u00e9nz\u00fcgyekhez az Egyes\u00fclt Arab Em\u00edrs\u00e9gekbenInduljon el vel\u00fcnk a p\u00e9nz\u00fcgyek folyamatosan v\u00e1ltoz\u00f3 vil\u00e1g\u00e1ban a Zoander bloggal. Itt megosztunk egy gazdag tud\u00e1sanyagot, szak\u00e9rt\u0151i betekint\u00e9seket \u00e9s gyakorlati tippeket az Egyes\u00fclt Arab Em\u00edrs\u00e9gekben m\u0171k\u00f6d\u0151 v\u00e1llalkoz\u00e1sok sz\u00e1m\u00e1ra, hogy elinduljanak a p\u00e9nz\u00fcgyi siker \u00fatj\u00e1n. Legyen \u00d6n tapasztalt v\u00e1llalkoz\u00f3, kis- vagy k\u00f6z\u00e9pv\u00e1llalkoz\u00e1s [&hellip;]","og_url":"https:\/\/zoander.com\/hu\/blog-cikkek\/","og_site_name":"Zoander Services HU","article_modified_time":"2024-10-23T11:53:21+00:00","twitter_card":"summary_large_image","twitter_misc":{"Becs\u00fclt olvas\u00e1si id\u0151":"4 perc"},"schema":{"@context":"https:\/\/schema.org","@graph":[{"@type":"WebPage","@id":"https:\/\/zoander.com\/hu\/blog-cikkek\/","url":"https:\/\/zoander.com\/hu\/blog-cikkek\/","name":"Blog \/ Cikkek - Zoander Services HU","isPartOf":{"@id":"https:\/\/zoander.com\/hu\/#website"},"datePublished":"2024-10-23T09:19:52+00:00","dateModified":"2024-10-23T11:53:21+00:00","breadcrumb":{"@id":"https:\/\/zoander.com\/hu\/blog-cikkek\/#breadcrumb"},"inLanguage":"hu","potentialAction":[{"@type":"ReadAction","target":["https:\/\/zoander.com\/hu\/blog-cikkek\/"]}]},{"@type":"BreadcrumbList","@id":"https:\/\/zoander.com\/hu\/blog-cikkek\/#breadcrumb","itemListElement":[{"@type":"ListItem","position":1,"name":"Home","item":"https:\/\/zoander.com\/hu\/"},{"@type":"ListItem","position":2,"name":"Blog \/ Cikkek"}]},{"@type":"WebSite","@id":"https:\/\/zoander.com\/hu\/#website","url":"https:\/\/zoander.com\/hu\/","name":"Zoander Services HU","description":"az \u00d6n megb\u00edzhat\u00f3 k\u00f6nyvel\u00e9si partnere az Egyes\u00fclt Arab Em\u00edrs\u00e9gekben!","potentialAction":[{"@type":"SearchAction","target":{"@type":"EntryPoint","urlTemplate":"https:\/\/zoander.com\/hu\/?s={search_term_string}"},"query-input":{"@type":"PropertyValueSpecification","valueRequired":true,"valueName":"search_term_string"}}],"inLanguage":"hu"}]}},"jetpack_sharing_enabled":true,"_links":{"self":[{"href":"https:\/\/zoander.com\/hu\/wp-json\/wp\/v2\/pages\/45","targetHints":{"allow":["GET"]}}],"collection":[{"href":"https:\/\/zoander.com\/hu\/wp-json\/wp\/v2\/pages"}],"about":[{"href":"https:\/\/zoander.com\/hu\/wp-json\/wp\/v2\/types\/page"}],"author":[{"embeddable":true,"href":"https:\/\/zoander.com\/hu\/wp-json\/wp\/v2\/users\/1"}],"replies":[{"embeddable":true,"href":"https:\/\/zoander.com\/hu\/wp-json\/wp\/v2\/comments?post=45"}],"version-history":[{"count":5,"href":"https:\/\/zoander.com\/hu\/wp-json\/wp\/v2\/pages\/45\/revisions"}],"predecessor-version":[{"id":127,"href":"https:\/\/zoander.com\/hu\/wp-json\/wp\/v2\/pages\/45\/revisions\/127"}],"wp:attachment":[{"href":"https:\/\/zoander.com\/hu\/wp-json\/wp\/v2\/media?parent=45"}],"curies":[{"name":"wp","href":"https:\/\/api.w.org\/{rel}","templated":true}]}}